{"id":1328,"date":"2025-11-28T02:31:22","date_gmt":"2025-11-28T02:31:22","guid":{"rendered":"https:\/\/sangongoaitroi.com\/green-vision\/"},"modified":"2025-12-10T08:21:28","modified_gmt":"2025-12-10T08:21:28","slug":"green-vision","status":"publish","type":"page","link":"https:\/\/sangongoaitroi.com\/en\/green-vision\/","title":{"rendered":"Green Vision"},"content":{"rendered":"\n<div id=\"wp-block-themeisle-blocks-advanced-columns-d92bd678\" class=\"wp-block-themeisle-blocks-advanced-columns has-1-columns has-desktop-equal-layout has-tablet-equal-layout has-mobile-equal-layout has-vertical-unset background_image_pos_right\"><div class=\"wp-block-themeisle-blocks-advanced-columns-overlay\"><\/div><div class=\"innerblocks-wrap\">\n<div id=\"wp-block-themeisle-blocks-advanced-column-fb6f3f7c\" class=\"wp-block-themeisle-blocks-advanced-column\">\n<div id=\"wp-block-themeisle-blocks-advanced-columns-6daa37dd\" class=\"wp-block-themeisle-blocks-advanced-columns has-2-columns has-desktop-twoOne-layout has-tablet-equal-layout has-mobile-collapsedRows-layout has-vertical-unset\"><div class=\"wp-block-themeisle-blocks-advanced-columns-overlay\"><\/div><div class=\"innerblocks-wrap\">\n<div id=\"wp-block-themeisle-blocks-advanced-column-cbef158e\" class=\"wp-block-themeisle-blocks-advanced-column overline\">\n<h1 id=\"wp-block-themeisle-blocks-advanced-heading-6a4cc001\" class=\"wp-block-themeisle-blocks-advanced-heading wp-block-themeisle-blocks-advanced-heading-6a4cc001\">FSC\u00aecertified composite wood<\/h1>\n\n\n\n<p>A sustainable architecture with WPC<\/p>\n\n\n\n<p><br>AWood\u2019s mission is to provide the construction industry with an alternative to natural wood \u2014 an advanced composite wood that is both technologically innovative and aesthetically valuable, with the potential to help prevent global deforestation.<\/p>\n\n\n\n<p>That\u2019s why our WPC stands out on the international stage, having earned FSC\u00ae certification with a 70% blend formula. This label indicates that the wood used in Woodn products comes from FSC\u00ae-certified materials, recycled sources, and\/or controlled wood.<\/p>\n\n\n\n<p>The procurement process is complex, and we carefully trace the journey of materials from forest to shelf (the chain of custody).<br>Behind every label lies the story of the product, and we strive to ensure that it is made from sustainably sourced wood. Wood from responsibly managed forests ensures that meeting the needs of today will not compromise the world of tomorrow.<\/p>\n\n\n\n<p><br><br>* FSC\u00ae certified products available upon request.<\/p>\n\n\n\n<div style=\"height:50px\" aria-hidden=\"true\" class=\"wp-block-spacer\"><\/div>\n<\/div>\n\n\n\n<div id=\"wp-block-themeisle-blocks-advanced-column-4f70536b\" class=\"wp-block-themeisle-blocks-advanced-column\"><\/div>\n<\/div><\/div>\n<\/div>\n<\/div><\/div>\n\n\n\n<section id=\"wp-block-themeisle-blocks-advanced-columns-20c61cc1\" class=\"wp-block-themeisle-blocks-advanced-columns has-1-columns has-desktop-equal-layout has-tablet-equal-layout has-mobile-equal-layout has-vertical-unset\"><div class=\"wp-block-themeisle-blocks-advanced-columns-overlay\"><\/div><div class=\"innerblocks-wrap\">\n<div id=\"wp-block-themeisle-blocks-advanced-column-45e480e9\" class=\"wp-block-themeisle-blocks-advanced-column\">\n<div id=\"wp-block-themeisle-blocks-advanced-columns-30f78195\" class=\"wp-block-themeisle-blocks-advanced-columns has-1-columns has-desktop-equal-layout has-tablet-equal-layout has-mobile-equal-layout has-vertical-unset 1520\"><div class=\"wp-block-themeisle-blocks-advanced-columns-overlay\"><\/div><div class=\"innerblocks-wrap\">\n<div id=\"wp-block-themeisle-blocks-advanced-column-18d3cf42\" class=\"wp-block-themeisle-blocks-advanced-column\">\n<h2 class=\"wp-block-heading\">ENERGY NEEDS AND WATER CYCLE<\/h2>\n\n\n\n<p>The production plant, based in Treviso, covers an area of approximately 14,000 sqm and is powered by&nbsp;a photovoltaic system that meets 100% of daytime energy requirement. 3,000 sqm were dedicated to the installation of photovoltaic panels, enogh to produce approximately 311,000 kW\/h\/year.<br>The water used to cool the 9 extrusion lines is managed by&nbsp;a new generation closed-cycle system. The water is collected, cooled and reintroduced into the cooling system. Only once a year the water purified and replaced in order to avoid any waste.N\u01b0\u1edbc ch\u1ec9 \u0111\u01b0\u1ee3c l\u1ecdc v\u00e0 thay th\u1ebf m\u1ed9t l\u1ea7n m\u1ed7i n\u0103m \u0111\u1ec3 tr\u00e1nh l\u00e3ng ph\u00ed.<\/p>\n\n\n\n<p><br><\/p>\n<\/div>\n<\/div><\/div>\n<\/div>\n<\/div><\/section>\n\n\n\n<div id=\"wp-block-themeisle-blocks-advanced-columns-81efee61\" class=\"wp-block-themeisle-blocks-advanced-columns has-2-columns has-desktop-equal-layout has-tablet-equal-layout has-mobile-equal-layout has-vertical-unset 1520\"><div class=\"wp-block-themeisle-blocks-advanced-columns-overlay\"><\/div><div class=\"innerblocks-wrap\">\n<div id=\"wp-block-themeisle-blocks-advanced-column-df0e3826\" class=\"wp-block-themeisle-blocks-advanced-column\">\n<figure class=\"wp-block-image size-large\"><img loading=\"lazy\" decoding=\"async\" width=\"1024\" height=\"682\" src=\"https:\/\/sangongoaitroi.com\/wp-content\/uploads\/2025\/11\/pannelli-solari-1024x682.png\" alt=\"\" class=\"wp-image-786\" srcset=\"https:\/\/sangongoaitroi.com\/wp-content\/uploads\/2025\/11\/pannelli-solari-1024x682.png 1024w, https:\/\/sangongoaitroi.com\/wp-content\/uploads\/2025\/11\/pannelli-solari-300x200.png 300w, https:\/\/sangongoaitroi.com\/wp-content\/uploads\/2025\/11\/pannelli-solari-768x511.png 768w, https:\/\/sangongoaitroi.com\/wp-content\/uploads\/2025\/11\/pannelli-solari-930x620.png 930w, https:\/\/sangongoaitroi.com\/wp-content\/uploads\/2025\/11\/pannelli-solari-600x400.png 600w, https:\/\/sangongoaitroi.com\/wp-content\/uploads\/2025\/11\/pannelli-solari.png 1437w\" sizes=\"auto, (max-width: 1024px) 100vw, 1024px\" \/><\/figure>\n<\/div>\n\n\n\n<div id=\"wp-block-themeisle-blocks-advanced-column-5c6ad55c\" class=\"wp-block-themeisle-blocks-advanced-column\">\n<figure class=\"wp-block-image size-large\"><img loading=\"lazy\" decoding=\"async\" width=\"1024\" height=\"682\" src=\"https:\/\/sangongoaitroi.com\/wp-content\/uploads\/2025\/11\/vasche-1024x682.png\" alt=\"\" class=\"wp-image-787\" srcset=\"https:\/\/sangongoaitroi.com\/wp-content\/uploads\/2025\/11\/vasche-1024x682.png 1024w, https:\/\/sangongoaitroi.com\/wp-content\/uploads\/2025\/11\/vasche-300x200.png 300w, https:\/\/sangongoaitroi.com\/wp-content\/uploads\/2025\/11\/vasche-768x511.png 768w, https:\/\/sangongoaitroi.com\/wp-content\/uploads\/2025\/11\/vasche-930x620.png 930w, https:\/\/sangongoaitroi.com\/wp-content\/uploads\/2025\/11\/vasche-600x400.png 600w, https:\/\/sangongoaitroi.com\/wp-content\/uploads\/2025\/11\/vasche.png 1437w\" sizes=\"auto, (max-width: 1024px) 100vw, 1024px\" \/><\/figure>\n<\/div>\n<\/div><\/div>\n\n\n\n<div id=\"wp-block-themeisle-blocks-advanced-columns-dff1c50a\" class=\"wp-block-themeisle-blocks-advanced-columns has-1-columns has-desktop-equal-layout has-tablet-equal-layout has-mobile-equal-layout has-vertical-unset background_image_pos_right\"><div class=\"wp-block-themeisle-blocks-advanced-columns-overlay\"><\/div><div class=\"innerblocks-wrap\">\n<div id=\"wp-block-themeisle-blocks-advanced-column-8586d77a\" class=\"wp-block-themeisle-blocks-advanced-column\">\n<div id=\"wp-block-themeisle-blocks-advanced-columns-190ce91b\" class=\"wp-block-themeisle-blocks-advanced-columns has-1-columns has-desktop-twoOne-layout has-tablet-equal-layout has-mobile-collapsedRows-layout has-vertical-unset\"><div class=\"wp-block-themeisle-blocks-advanced-columns-overlay\"><\/div><div class=\"innerblocks-wrap\">\n<div id=\"wp-block-themeisle-blocks-advanced-column-a48672fa\" class=\"wp-block-themeisle-blocks-advanced-column overline\">\n<h2 class=\"wp-block-heading\">AWOOD planks are fully recyclable, meaning they can be transformed back into WPC and subsequently into new planks and systems.<\/h2>\n\n\n\n<p><br>Through a specially designed machine, the material is first sorted by color, then fed into a grinder to be turned into granules, ready to be reintroduced into the production process.<br>This marks the completion of a closed-loop cycle, demonstrating the company\u2019s commitment to a truly circular economy.<\/p>\n\n\n\n<p>Life Cycle Assessment (LCA) is being finalized and will become an essential tool for implementing integrated product policies, along with the publication of an Environmental Product Declaration (EPD).<\/p>\n\n\n\n<p>The recycling of composite wood is managed in-house by AWood to ensure zero-waste production and to minimize the need for additional raw material sourcing.<\/p>\n\n\n\n<a href=\"#\" class=\"button-naked\" tabindex=\"-1\">Sfoglia i progetti<\/a>\n<\/div>\n<\/div><\/div>\n<\/div>\n<\/div><\/div>\n\n\n\n<div id=\"wp-block-themeisle-blocks-advanced-columns-923afd31\" class=\"wp-block-themeisle-blocks-advanced-columns has-2-columns has-desktop-equal-layout has-tablet-equal-layout has-mobile-equal-layout has-vertical-unset 1520\"><div class=\"wp-block-themeisle-blocks-advanced-columns-overlay\"><\/div><div class=\"innerblocks-wrap\">\n<div id=\"wp-block-themeisle-blocks-advanced-column-601c388b\" class=\"wp-block-themeisle-blocks-advanced-column\">\n<figure class=\"wp-block-image size-large\"><img loading=\"lazy\" decoding=\"async\" width=\"1024\" height=\"681\" src=\"https:\/\/sangongoaitroi.com\/wp-content\/uploads\/2025\/12\/ciclo-2-1-1024x681.png\" alt=\"\" class=\"wp-image-1323\" srcset=\"https:\/\/sangongoaitroi.com\/wp-content\/uploads\/2025\/12\/ciclo-2-1-1024x681.png 1024w, https:\/\/sangongoaitroi.com\/wp-content\/uploads\/2025\/12\/ciclo-2-1-300x199.png 300w, https:\/\/sangongoaitroi.com\/wp-content\/uploads\/2025\/12\/ciclo-2-1-768x510.png 768w, https:\/\/sangongoaitroi.com\/wp-content\/uploads\/2025\/12\/ciclo-2-1-500x332.png 500w, https:\/\/sangongoaitroi.com\/wp-content\/uploads\/2025\/12\/ciclo-2-1-800x532.png 800w, https:\/\/sangongoaitroi.com\/wp-content\/uploads\/2025\/12\/ciclo-2-1-1280x851.png 1280w, https:\/\/sangongoaitroi.com\/wp-content\/uploads\/2025\/12\/ciclo-2-1-600x399.png 600w, https:\/\/sangongoaitroi.com\/wp-content\/uploads\/2025\/12\/ciclo-2-1.png 1440w\" sizes=\"auto, (max-width: 1024px) 100vw, 1024px\" \/><\/figure>\n<\/div>\n\n\n\n<div id=\"wp-block-themeisle-blocks-advanced-column-c5cd5997\" class=\"wp-block-themeisle-blocks-advanced-column\">\n<figure class=\"wp-block-image size-large\"><img loading=\"lazy\" decoding=\"async\" width=\"1024\" height=\"681\" src=\"https:\/\/sangongoaitroi.com\/wp-content\/uploads\/2025\/12\/ciclo-1-1024x681.png\" alt=\"\" class=\"wp-image-1325\" srcset=\"https:\/\/sangongoaitroi.com\/wp-content\/uploads\/2025\/12\/ciclo-1-1024x681.png 1024w, https:\/\/sangongoaitroi.com\/wp-content\/uploads\/2025\/12\/ciclo-1-300x199.png 300w, https:\/\/sangongoaitroi.com\/wp-content\/uploads\/2025\/12\/ciclo-1-768x510.png 768w, https:\/\/sangongoaitroi.com\/wp-content\/uploads\/2025\/12\/ciclo-1-500x332.png 500w, https:\/\/sangongoaitroi.com\/wp-content\/uploads\/2025\/12\/ciclo-1-800x532.png 800w, https:\/\/sangongoaitroi.com\/wp-content\/uploads\/2025\/12\/ciclo-1-1280x851.png 1280w, https:\/\/sangongoaitroi.com\/wp-content\/uploads\/2025\/12\/ciclo-1-600x399.png 600w, https:\/\/sangongoaitroi.com\/wp-content\/uploads\/2025\/12\/ciclo-1.png 1440w\" sizes=\"auto, (max-width: 1024px) 100vw, 1024px\" \/><\/figure>\n<\/div>\n<\/div><\/div>\n\n\n\n<div id=\"wp-block-themeisle-blocks-advanced-columns-843ee473\" class=\"wp-block-themeisle-blocks-advanced-columns has-1-columns has-desktop-equal-layout has-tablet-equal-layout has-mobile-equal-layout has-vertical-unset background_image_pos_right\"><div class=\"wp-block-themeisle-blocks-advanced-columns-overlay\"><\/div><div class=\"innerblocks-wrap\">\n<div id=\"wp-block-themeisle-blocks-advanced-column-830ea8c9\" class=\"wp-block-themeisle-blocks-advanced-column\">\n<section id=\"wp-block-themeisle-blocks-advanced-columns-9f8848a6\" class=\"wp-block-themeisle-blocks-advanced-columns alignfull has-2-columns has-desktop-equal-layout has-tablet-collapsedRows-layout has-mobile-collapsedRows-layout has-reverse-columns-tablet has-reverse-columns-mobile has-vertical-center\"><div class=\"wp-block-themeisle-blocks-advanced-columns-overlay\"><\/div><div class=\"innerblocks-wrap\">\n<div id=\"wp-block-themeisle-blocks-advanced-column-cedf80ca\" class=\"wp-block-themeisle-blocks-advanced-column\">\n<h2 id=\"wp-block-themeisle-blocks-advanced-heading-ddc7a054\" class=\"wp-block-themeisle-blocks-advanced-heading wp-block-themeisle-blocks-advanced-heading-ddc7a054\">Sustainable materials and innovative systems for the LEED\u00ae certification<\/h2>\n\n\n\n<div style=\"height:50px\" aria-hidden=\"true\" class=\"wp-block-spacer\"><\/div>\n\n\n\n<a href=\"https:\/\/woodngreenwood.com\/progetti\/\" class=\"button-naked light\" tabindex=\"-1\">LEED Mapping<\/a>\n<\/div>\n\n\n\n<div id=\"wp-block-themeisle-blocks-advanced-column-48eed1bc\" class=\"wp-block-themeisle-blocks-advanced-column\"><\/div>\n<\/div><\/section>\n<\/div>\n<\/div><\/div>\n\n\n\n<div id=\"wp-block-themeisle-blocks-advanced-columns-6e2e757d\" class=\"wp-block-themeisle-blocks-advanced-columns alignwide has-1-columns has-desktop-equal-layout has-tablet-equal-layout has-mobile-equal-layout has-vertical-unset\"><div class=\"wp-block-themeisle-blocks-advanced-columns-overlay\"><\/div><div class=\"innerblocks-wrap\">\n<div id=\"wp-block-themeisle-blocks-advanced-column-2077a9bb\" class=\"wp-block-themeisle-blocks-advanced-column has-light-bg\">\n<h2 class=\"wp-block-heading has-text-align-center\">COMPANY CERTIFICATIONS<\/h2>\n<\/div>\n<\/div><\/div>\n\n\n\n<div id=\"wp-block-themeisle-blocks-advanced-columns-1535c765\" class=\"wp-block-themeisle-blocks-advanced-columns alignwide has-1-columns has-desktop-equal-layout has-tablet-equal-layout has-mobile-equal-layout has-vertical-unset\"><div class=\"wp-block-themeisle-blocks-advanced-columns-overlay\"><\/div><div class=\"innerblocks-wrap\">\n<div id=\"wp-block-themeisle-blocks-advanced-column-7140b390\" class=\"wp-block-themeisle-blocks-advanced-column\">\n<p>Operating in an international context, Woodn Greenwood is&nbsp;an ISO 9001 certified company, issued by IMQ (Italian Quality Mark Institute), a global recognition that certifies the effectiveness of the management systems for the quality of its organization\u2019s processes. By offering the construction sector an alternative material to natural wood, the company stands out on the international scene for having achieved the&nbsp;FSC\u00ae certification. This certification proves the commitment to use wood coming from responsibly managed forests, ensuring that satisfying today&#8217;s needs will not compromise tomorrow\u2019s world. All Woodn Greenwood products&nbsp;can contribute to LEED\u00ae credits according to&nbsp;the LEED\u00ae according to the LEED\u00ae&nbsp;<sup>BD<\/sup>&nbsp;+C V4. The LEED\u00ae rating system&nbsp;certifies the building and provides the market with a shared approach on which to base the choices and a measurable standard for each aspect Woodn Greenwood&#8217;s report shows the company&#8217;s excellence in relation to&nbsp;<sup>LEED\u00ae<\/sup>&nbsp;. credits.<\/p>\n<\/div>\n<\/div><\/div>\n\n\n\n<p><\/p>\n","protected":false},"excerpt":{"rendered":"","protected":false},"author":2,"featured_media":0,"parent":0,"menu_order":0,"comment_status":"closed","ping_status":"closed","template":"","meta":{"neve_meta_sidebar":"","neve_meta_container":"","neve_meta_enable_content_width":"off","neve_meta_content_width":70,"neve_meta_title_alignment":"","neve_meta_author_avatar":"","neve_post_elements_order":"","neve_meta_disable_header":"off","neve_meta_disable_footer":"","neve_meta_disable_title":"on","neve_meta_reading_time":"","_themeisle_gutenberg_block_has_review":false,"_vp_format_video_url":"","_vp_image_focal_point":[],"footnotes":""},"class_list":["post-1328","page","type-page","status-publish","hentry"],"_links":{"self":[{"href":"https:\/\/sangongoaitroi.com\/en\/wp-json\/wp\/v2\/pages\/1328","targetHints":{"allow":["GET"]}}],"collection":[{"href":"https:\/\/sangongoaitroi.com\/en\/wp-json\/wp\/v2\/pages"}],"about":[{"href":"https:\/\/sangongoaitroi.com\/en\/wp-json\/wp\/v2\/types\/page"}],"author":[{"embeddable":true,"href":"https:\/\/sangongoaitroi.com\/en\/wp-json\/wp\/v2\/users\/2"}],"replies":[{"embeddable":true,"href":"https:\/\/sangongoaitroi.com\/en\/wp-json\/wp\/v2\/comments?post=1328"}],"version-history":[{"count":2,"href":"https:\/\/sangongoaitroi.com\/en\/wp-json\/wp\/v2\/pages\/1328\/revisions"}],"predecessor-version":[{"id":1861,"href":"https:\/\/sangongoaitroi.com\/en\/wp-json\/wp\/v2\/pages\/1328\/revisions\/1861"}],"wp:attachment":[{"href":"https:\/\/sangongoaitroi.com\/en\/wp-json\/wp\/v2\/media?parent=1328"}],"curies":[{"name":"wp","href":"https:\/\/api.w.org\/{rel}","templated":true}]}}